{"id":4926,"date":"2018-11-03T11:49:45","date_gmt":"2018-11-03T11:49:45","guid":{"rendered":"http:\/\/subterra.bellidoweb.es\/politica-de-privacidad\/"},"modified":"2018-12-07T21:46:43","modified_gmt":"2018-12-07T20:46:43","slug":"privacy-policy","status":"publish","type":"page","link":"https:\/\/subterra-ing.com\/en\/privacy-policy\/","title":{"rendered":"Privacy policy"},"content":{"rendered":"<div class=\"wpb-content-wrapper\"><p>[vc_row][vc_column][vc_column_text]<\/p>\n<h1 class=\"titulo-caja\">Privacy policy<\/h1>\n<p>En respeto de su privacidad y en cumplimiento con lo dispuesto en la Ley Org\u00e1nica 15\/1999, de 13 de diciembre, de Protecci\u00f3n de Datos de Car\u00e1cter Personal (LOPD), Subterra Ingenier\u00eda informa a los usuarios de que los datos facilitados a trav\u00e9s de la p\u00e1gina web www.subterra-ing.com pasar\u00e1n a formar parte de un fichero automatizado de datos de car\u00e1cter personal, cuya titularidad y responsabilidad corresponde a Subterra Ingenier\u00eda. Dicha informaci\u00f3n es tratada con la m\u00e1xima confidencialidad y no la comunicamos, en ning\u00fan caso, a terceras personas.<\/p>\n<p>De las visitas recibidas, el servidor reconoce y conserva la direcci\u00f3n IP desde la cual nos visita el usuario, la fecha, hora y duraci\u00f3n de la visita y las p\u00e1ginas visitadas. Esta informaci\u00f3n ayuda a controlar y mejorar la calidad de la web y es totalmente an\u00f3nima. No es posible identificar a un usuario en concreto.<\/p>\n<p>Asimismo, la direcci\u00f3n de correo electr\u00f3nico podr\u00e1 ser utilizada por Subterra Ingenier\u00eda para el env\u00edo de comunicaciones comerciales. Se utilizar\u00e1 s\u00f3lo para mandar mensajes relevantes y puntuales, y para informar de cambios en los servicios.<\/p>\n<p>El n\u00famero de tel\u00e9fono s\u00f3lo se utilizar\u00e1 en el caso de que haya un problema con el env\u00edo solicitado y no sea posible contactar con el cliente por Email. No se utilizar\u00e1 para publicidad ni para acciones de marketing directo.<\/p>\n<p>Para obtener m\u00e1s informaci\u00f3n, no dude en contactar con nosotros. Le atenderemos gustosamente en el siguiente n\u00famero:<\/p>\n<p>Tel.: +34 935 340 530<\/p>\n<h2 class=\"titulo-caja\">Derechos del usuario<\/h2>\n<p>El usuario podr\u00e1 ejercitar, respecto de los datos recabados, los derechos reconocidos en la Ley Org\u00e1nica 15\/1999 de protecci\u00f3n de datos y en particular los derechos de acceso, rectificaci\u00f3n, cancelaci\u00f3n de datos y oposici\u00f3n.<\/p>\n<p>Los derechos a los que se refiere el p\u00e1rrafo anterior podr\u00e1n ser ejercitados por el usuario mediante solicitud dirigida v\u00eda Email a:<\/p>\n<p>Subterra Ingenier\u00eda:<\/p>\n<p>Email: info@subterra-ing.com<\/p>\n<h2 class=\"titulo-caja\">Medidas de seguridad<\/h2>\n<p>Subterra Ingenier\u00eda declara haber adoptado todas las medidas de seguridad necesarias y adecuadas seg\u00fan lo establecido en el Real Decreto 994\/1999, de 11 de julio por el que se aprueba el Reglamento de Medidas de Seguridad de los ficheros automatizados que contengan datos de car\u00e1cter personal.[\/vc_column_text][\/vc_column][\/vc_row][vc_row][vc_column][vc_empty_space][\/vc_column][\/vc_row]<\/p>\n<\/div>","protected":false},"excerpt":{"rendered":"<p>[vc_row][vc_column][vc_column_text] Privacy policy En respeto de su privacidad y en cumplimiento con lo dispuesto en la Ley Org\u00e1nica 15\/1999, de 13 de diciembre, de Protecci\u00f3n de Datos de Car\u00e1cter Personal (LOPD), Subterra Ingenier\u00eda informa a los usuarios de que los datos facilitados a trav\u00e9s de la p\u00e1gina web www.subterra-ing.com pasar\u00e1n a formar parte de un fichero automatizado de datos de&#8230;<\/p>\n","protected":false},"author":1,"featured_media":0,"parent":0,"menu_order":0,"comment_status":"closed","ping_status":"open","template":"","meta":{"rs_blank_template":"","rs_page_bg_color":"","slide_template_v7":"","footnotes":""},"class_list":["post-4926","page","type-page","status-publish","hentry"],"_links":{"self":[{"href":"https:\/\/subterra-ing.com\/en\/wp-json\/wp\/v2\/pages\/4926","targetHints":{"allow":["GET"]}}],"collection":[{"href":"https:\/\/subterra-ing.com\/en\/wp-json\/wp\/v2\/pages"}],"about":[{"href":"https:\/\/subterra-ing.com\/en\/wp-json\/wp\/v2\/types\/page"}],"author":[{"embeddable":true,"href":"https:\/\/subterra-ing.com\/en\/wp-json\/wp\/v2\/users\/1"}],"replies":[{"embeddable":true,"href":"https:\/\/subterra-ing.com\/en\/wp-json\/wp\/v2\/comments?post=4926"}],"version-history":[{"count":2,"href":"https:\/\/subterra-ing.com\/en\/wp-json\/wp\/v2\/pages\/4926\/revisions"}],"predecessor-version":[{"id":4928,"href":"https:\/\/subterra-ing.com\/en\/wp-json\/wp\/v2\/pages\/4926\/revisions\/4928"}],"wp:attachment":[{"href":"https:\/\/subterra-ing.com\/en\/wp-json\/wp\/v2\/media?parent=4926"}],"curies":[{"name":"wp","href":"https:\/\/api.w.org\/{rel}","templated":true}]}}