{"id":4909,"date":"2018-11-13T17:37:54","date_gmt":"2018-11-13T17:37:54","guid":{"rendered":"http:\/\/subterra.bellidoweb.es\/idi\/"},"modified":"2024-03-19T17:53:28","modified_gmt":"2024-03-19T16:53:28","slug":"research","status":"publish","type":"page","link":"https:\/\/subterra-ing.com\/en\/research\/","title":{"rendered":"R&#038;D"},"content":{"rendered":"<div class=\"wpb-content-wrapper\"><p>[vc_row content_width=&#8221;grid&#8221; css=&#8221;.vc_custom_1542131867188{padding-top: 50px !important;}&#8221;][vc_column][vc_column_text]<\/p>\n<h2 class=\"titulo-caja\">R&amp;D Activities<\/h2>\n<p>[\/vc_column_text]<div class=\"mkd-separator-holder clearfix  mkd-separator-left\">\n\t<div class=\"mkd-separator\" style=\"border-color: #d22328;width: 40px;border-bottom-width: 2px;margin-top: 22px;margin-bottom: 22px\"><\/div>\n<\/div>\n[vc_column_text]The group aims to provide a high level, innovative approaches to the solution of complex and challenging problems. The applied research give us the opportunity to offer our clients the latest ground engineering techniques, improving our designs, enabling them to solve these complexes and challenging problems.<\/p>\n<p>As we said before we have a UNE 166002 system for the Research and Development projects and obtained the Innovative SME seal.[\/vc_column_text][vc_empty_space][vc_column_text]<\/p>\n<h3 class=\"titulo-caja\">Previous projects<\/h3>\n<p>[\/vc_column_text]<div class=\"mkd-separator-holder clearfix  mkd-separator-left\">\n\t<div class=\"mkd-separator\" style=\"border-color: #d22328;width: 40px;border-bottom-width: 2px;margin-top: 22px;margin-bottom: 22px\"><\/div>\n<\/div>\n[vc_column_text]In the past we have collaborated and developed the following research projects:<\/p>\n<p><i class=\"fa fa-arrow-circle-right\" style=\"color: #7c1651;\"><\/i> Herramienta avanzada para la estandarizaci\u00f3n en la evaluaci\u00f3n y gesti\u00f3n de Riesgos Naturales basada en Cartograf\u00eda cuantitativa. \u201c<strong>MODELRISK<\/strong>\u201d. SUBPROGRAMA INNPACTO 2010-2014. Ministerio de Ciencia e Innovaci\u00f3n.<\/p>\n<p><i class=\"fa fa-arrow-circle-right\" style=\"color: #7c1651;\"><\/i> Underground Coal Gasification in operating mine and areas of high vulnerability (<strong>COGAR<\/strong>). RFC-PR-12005 \u2013 (2013-2016). Comisi\u00f3n Europea. DG XII. <a href=\"https:\/\/subterra-ing.com\/wp-content\/uploads\/2019\/10\/FICHAS-DE-RRS-COGAR.pdf\"><em><strong>Download<\/strong><\/em><\/a><\/p>\n<p><i class=\"fa fa-arrow-circle-right\" style=\"color: #7c1651;\"><\/i> Smarter Lignite Open Pit Engineering Solutions (<strong>SLOPES<\/strong>). RFCR-CT-2015-00001 \u2013 (2015-2018) Comisi\u00f3n Europea. DG XII. <a href=\"https:\/\/subterra-ing.com\/wp-content\/uploads\/2019\/10\/FICHAS-DE-RRS-SLOPES.pdf\"><em><strong>Download<\/strong><\/em><\/a><\/p>\n<p><i class=\"fa fa-arrow-circle-right\" style=\"color: #7c1651;\"><\/i> Investigaci\u00f3n para la mejora competitiva del ciclo de perforaci\u00f3n y voladura en miner\u00eda y obras subterr\u00e1neas mediante la concepci\u00f3n de nuevas t\u00e9cnicas de ingenier\u00eda, explosivos, prototipos y herramientas avanzadas<strong> (TU\u00d1EL)<\/strong>. 2015-2018. Centro para el Desarrollo Tecnol\u00f3gico Industrial (CDTI).<a href=\"https:\/\/subterra-ing.com\/wp-content\/uploads\/2019\/10\/FICHAS-DE-RRS-TU\u00d1EL.pdf\"><em><strong>Download<\/strong><\/em><\/a><\/p>\n<p><i class=\"fa fa-arrow-circle-right\" style=\"color: #7c1651;\"><\/i> Metodolog\u00eda avanzada basada en zonificaci\u00f3n s\u00edsmica para evaluar y manejar la sismicidad en obras subterr\u00e1neas<strong> (SYOS)<\/strong>. 2017-2019. CONCYTEC.<\/p>\n<p><i class=\"fa fa-arrow-circle-right\" style=\"color: #7c1651;\"><\/i> Herramienta para la predicci\u00f3n de comportamiento del conjunto macizo-t\u00fanel mediante la gesti\u00f3n e interpretaci\u00f3n de informaci\u00f3n geol\u00f3gico geot\u00e9cnica de proyectos subterr\u00e1neos <strong>(KNOWTUNNEL)<\/strong>. 2017 &#8211; 2019[\/vc_column_text][vc_empty_space][\/vc_column][\/vc_row][vc_row content_width=&#8221;grid&#8221; css=&#8221;.vc_custom_1542134288965{padding-top: 30px !important;}&#8221;][vc_column][vc_column_text]<\/p>\n<h3 class=\"titulo-caja\">Projects awarded<\/h3>\n<p>[\/vc_column_text]<div class=\"mkd-separator-holder clearfix  mkd-separator-left\">\n\t<div class=\"mkd-separator\" style=\"border-color: #d22328;width: 40px;border-bottom-width: 2px;margin-top: 22px;margin-bottom: 22px\"><\/div>\n<\/div>\n[vc_column_text]We are currently working on the following projects:[\/vc_column_text][vc_column_text]Risk Assessment of Final Pits During Flooding.<strong> (RAFF)<\/strong>. (2019 \u2013 2022). RFCS. <a href=\"https:\/\/subterra-ing.com\/wp-content\/uploads\/2019\/10\/FICHAS-DE-RRS-RAFF.pdf\"><em><strong>Download<\/strong><\/em><\/a><\/p>\n<p>The Impact of Extreme weather events on Mining operations.<strong> (TEXMIN)<\/strong>. (2019 \u2013 2022). RFCS. <a href=\"https:\/\/subterra-ing.com\/wp-content\/uploads\/2019\/10\/FICHAS-DE-RRS-TEXMIN.pdf\"><em><strong>Download<\/strong><\/em><\/a><\/p>\n<p>From Mining Waste to Valuable Resource: New Concepts for a Circular Economy (<strong>MINRESCUE<\/strong>). RFCS. 2020-2023. Comisi\u00f3n Europea DG XII.<\/p>\n<p>A human-centred internet of things platform for the sustainable mine of the future (<strong>Dig_IT<\/strong>). 2020-2024. Comisi\u00f3n Europea H2020.<a href=\"https:\/\/subterra-ing.com\/wp-content\/uploads\/2021\/05\/FICHAS-DE-RRS-DIG_IT-1.pdf\"><em><strong>Download<\/strong><\/em><\/a><\/p>\n<p>Tunnel Advance Predictive System (<strong>PREDICTUNEL<\/strong>). 2022-2023. CORFO Chile<\/p>\n<p>Tool for the management of geotechnical information and the design of support in tunnels\u00a0through observational methods and advanced algorithms (<strong>HERSOS<\/strong>). 2022-2023. CONCYTEC Per\u00fa[\/vc_column_text][vc_empty_space height=&#8221;60px&#8221;][\/vc_column][\/vc_row][vc_row content_width=&#8221;grid&#8221;][vc_column]<div class=\"mkd-clients-carousel-holder clearfix\"><div class=\"mkd-clients-carousel  mkd-owl-shortcode-slider\" data-items=\"5\" data-autoplay=\"10\" data-pause=\"yes\" data-loop=\"yes\" data-navigation=\"no\" data-pagination=\"no\"><div class=\"mkd-clients-carousel-item-holder\">\n                        <span class=\"mkd-clients-carousel-first-image-holder mkd-has-hover-image mkd-image-change\">\n\t\t\t\t<img decoding=\"async\" src=\"https:\/\/subterra-ing.com\/wp-content\/uploads\/2018\/11\/research4.jpg\" alt=\"CDTI\">\n\t\t\t<\/span>\n                            <span class=\"mkd-clients-carousel-second-image-holder mkd-has-hover-image mkd-image-change\">\n\t\t\t\t<img decoding=\"async\" src=\"https:\/\/subterra-ing.com\/wp-content\/uploads\/2018\/11\/research4.jpg\" alt=\"CDTI\">\n\t\t\t<\/span>\n                <\/div><div class=\"mkd-clients-carousel-item-holder\">\n                        <span class=\"mkd-clients-carousel-first-image-holder mkd-has-hover-image mkd-image-change\">\n\t\t\t\t<img decoding=\"async\" src=\"https:\/\/subterra-ing.com\/wp-content\/uploads\/2018\/11\/concytec.jpg\" alt=\"CONCYTEC\">\n\t\t\t<\/span>\n                            <span class=\"mkd-clients-carousel-second-image-holder mkd-has-hover-image mkd-image-change\">\n\t\t\t\t<img decoding=\"async\" src=\"https:\/\/subterra-ing.com\/wp-content\/uploads\/2018\/11\/concytec.jpg\" alt=\"CONCYTEC\">\n\t\t\t<\/span>\n                <\/div><div class=\"mkd-clients-carousel-item-holder\">\n                        <span class=\"mkd-clients-carousel-first-image-holder mkd-has-hover-image mkd-image-change\">\n\t\t\t\t<img decoding=\"async\" src=\"https:\/\/subterra-ing.com\/wp-content\/uploads\/2018\/11\/research2.jpg\" alt=\"European Commision\">\n\t\t\t<\/span>\n                            <span class=\"mkd-clients-carousel-second-image-holder mkd-has-hover-image mkd-image-change\">\n\t\t\t\t<img decoding=\"async\" src=\"https:\/\/subterra-ing.com\/wp-content\/uploads\/2018\/11\/research2.jpg\" alt=\"European Commision\">\n\t\t\t<\/span>\n                <\/div><div class=\"mkd-clients-carousel-item-holder\">\n                        <span class=\"mkd-clients-carousel-first-image-holder mkd-has-hover-image mkd-image-change\">\n\t\t\t\t<img decoding=\"async\" src=\"https:\/\/subterra-ing.com\/wp-content\/uploads\/2023\/05\/Diseno-sin-titulo.png\" alt=\"MCIN\">\n\t\t\t<\/span>\n                            <span class=\"mkd-clients-carousel-second-image-holder mkd-has-hover-image mkd-image-change\">\n\t\t\t\t<img decoding=\"async\" src=\"https:\/\/subterra-ing.com\/wp-content\/uploads\/2023\/05\/Diseno-sin-titulo.png\" alt=\"MCIN\">\n\t\t\t<\/span>\n                <\/div><div class=\"mkd-clients-carousel-item-holder\">\n                        <span class=\"mkd-clients-carousel-first-image-holder mkd-has-hover-image mkd-image-change\">\n\t\t\t\t<img decoding=\"async\" src=\"https:\/\/subterra-ing.com\/wp-content\/uploads\/2018\/11\/research3.jpg\" alt=\"PYME Innovadora\">\n\t\t\t<\/span>\n                            <span class=\"mkd-clients-carousel-second-image-holder mkd-has-hover-image mkd-image-change\">\n\t\t\t\t<img decoding=\"async\" src=\"https:\/\/subterra-ing.com\/wp-content\/uploads\/2018\/11\/research3.jpg\" alt=\"PYME Innovadora\">\n\t\t\t<\/span>\n                <\/div><div class=\"mkd-clients-carousel-item-holder\">\n                        <span class=\"mkd-clients-carousel-first-image-holder mkd-has-hover-image mkd-image-change\">\n\t\t\t\t<img decoding=\"async\" src=\"https:\/\/subterra-ing.com\/wp-content\/uploads\/2018\/11\/research.jpg\" alt=\"Research\">\n\t\t\t<\/span>\n                            <span class=\"mkd-clients-carousel-second-image-holder mkd-has-hover-image mkd-image-change\">\n\t\t\t\t<img decoding=\"async\" src=\"https:\/\/subterra-ing.com\/wp-content\/uploads\/2018\/11\/research.jpg\" alt=\"Research\">\n\t\t\t<\/span>\n                <\/div><\/div><\/div>[\/vc_column][\/vc_row][vc_row][vc_column][vc_empty_space height=&#8221;50px&#8221;][\/vc_column][\/vc_row]<\/p>\n<\/div>","protected":false},"excerpt":{"rendered":"<p>[vc_row content_width=&#8221;grid&#8221; css=&#8221;.vc_custom_1542131867188{padding-top: 50px !important;}&#8221;][vc_column][vc_column_text] R&amp;D Activities [\/vc_column_text][vc_column_text]The group aims to provide a high level, innovative approaches to the solution of complex and challenging problems. The applied research give us the opportunity to offer our clients the latest ground engineering techniques, improving our designs, enabling them to solve these complexes and challenging problems. As we said before we have a&#8230;<\/p>\n","protected":false},"author":1,"featured_media":0,"parent":0,"menu_order":0,"comment_status":"closed","ping_status":"closed","template":"full-width.php","meta":{"rs_blank_template":"","rs_page_bg_color":"","slide_template_v7":"","footnotes":""},"class_list":["post-4909","page","type-page","status-publish","hentry"],"_links":{"self":[{"href":"https:\/\/subterra-ing.com\/en\/wp-json\/wp\/v2\/pages\/4909","targetHints":{"allow":["GET"]}}],"collection":[{"href":"https:\/\/subterra-ing.com\/en\/wp-json\/wp\/v2\/pages"}],"about":[{"href":"https:\/\/subterra-ing.com\/en\/wp-json\/wp\/v2\/types\/page"}],"author":[{"embeddable":true,"href":"https:\/\/subterra-ing.com\/en\/wp-json\/wp\/v2\/users\/1"}],"replies":[{"embeddable":true,"href":"https:\/\/subterra-ing.com\/en\/wp-json\/wp\/v2\/comments?post=4909"}],"version-history":[{"count":28,"href":"https:\/\/subterra-ing.com\/en\/wp-json\/wp\/v2\/pages\/4909\/revisions"}],"predecessor-version":[{"id":18063,"href":"https:\/\/subterra-ing.com\/en\/wp-json\/wp\/v2\/pages\/4909\/revisions\/18063"}],"wp:attachment":[{"href":"https:\/\/subterra-ing.com\/en\/wp-json\/wp\/v2\/media?parent=4909"}],"curies":[{"name":"wp","href":"https:\/\/api.w.org\/{rel}","templated":true}]}}